{"id":33,"date":"2023-12-12T15:56:47","date_gmt":"2023-12-12T15:56:47","guid":{"rendered":"https:\/\/nyolcesfel.hu\/?page_id=33"},"modified":"2025-02-06T10:01:19","modified_gmt":"2025-02-06T10:01:19","slug":"rolunk","status":"publish","type":"page","link":"https:\/\/nyolcesfel.hu\/en\/rolunk\/","title":{"rendered":"About us"},"content":{"rendered":"<p>The EightandaHalf is an art institution, an art space, an art house, a cultural melting pot, which, although involuntarily but tirelessly, makes impossible any attempt to define itself from within or to categorise what comes from outside. The retirement of the former interurban telephone exchange in J\u00f3zsefv\u00e1ros as an industrial building has set in motion a series of coincidences and unexpected encounters, as a result of which the former server rooms have become workshops, studios, rehearsal rooms, studios and creative spaces.<\/p>\n\n\n\n<p>Our aim is for the EightandaHalf to become not only perhaps the most distinctive building in the district, but also to fulfil its current function and become an integral part of the city. It is a House where artists from different artistic disciplines can find not only the space best suited to their activities, but also a safe space and a community where the diverse personalities and activities of its members can reinforce and inspire each other, whether through indirect influences or concrete collaborations.&nbsp;<\/p>\n\n\n\n<p>But the EightandaHalf does not want to function as an enchanted castle for artists and cultural practitioners, isolated and inaccessible, but as a space where everyone, with the help of our team members and in close collaboration with them, contributes as much as they can and takes as much as they want or need.<\/p>\n\n\n\n<div style=\"height:112px\" aria-hidden=\"true\" class=\"wp-block-spacer\"><\/div>\n\n\n\n<figure class=\"wp-block-gallery has-nested-images columns-2 wp-block-gallery-1 is-layout-flex wp-block-gallery-is-layout-flex\">\n<figure class=\"wp-block-image size-full\"><img loading=\"lazy\" decoding=\"async\" width=\"2000\" height=\"1333\" data-id=\"158\" src=\"https:\/\/nyolcesfel.hu\/wp-content\/uploads\/2023\/12\/00_5-1.jpg\" alt=\"\" class=\"wp-image-158\" srcset=\"https:\/\/nyolcesfel.hu\/wp-content\/uploads\/2023\/12\/00_5-1.jpg 2000w, https:\/\/nyolcesfel.hu\/wp-content\/uploads\/2023\/12\/00_5-1-300x200.jpg 300w, https:\/\/nyolcesfel.hu\/wp-content\/uploads\/2023\/12\/00_5-1-1024x682.jpg 1024w, https:\/\/nyolcesfel.hu\/wp-content\/uploads\/2023\/12\/00_5-1-768x512.jpg 768w, https:\/\/nyolcesfel.hu\/wp-content\/uploads\/2023\/12\/00_5-1-1536x1024.jpg 1536w, https:\/\/nyolcesfel.hu\/wp-content\/uploads\/2023\/12\/00_5-1-18x12.jpg 18w\" sizes=\"auto, (max-width: 2000px) 100vw, 2000px\" \/><\/figure>\n\n\n\n<figure class=\"wp-block-image size-full\"><img loading=\"lazy\" decoding=\"async\" width=\"2000\" height=\"1333\" data-id=\"161\" src=\"https:\/\/nyolcesfel.hu\/wp-content\/uploads\/2023\/12\/00_10-1.jpg\" alt=\"\" class=\"wp-image-161\" srcset=\"https:\/\/nyolcesfel.hu\/wp-content\/uploads\/2023\/12\/00_10-1.jpg 2000w, https:\/\/nyolcesfel.hu\/wp-content\/uploads\/2023\/12\/00_10-1-300x200.jpg 300w, https:\/\/nyolcesfel.hu\/wp-content\/uploads\/2023\/12\/00_10-1-1024x682.jpg 1024w, https:\/\/nyolcesfel.hu\/wp-content\/uploads\/2023\/12\/00_10-1-768x512.jpg 768w, https:\/\/nyolcesfel.hu\/wp-content\/uploads\/2023\/12\/00_10-1-1536x1024.jpg 1536w, https:\/\/nyolcesfel.hu\/wp-content\/uploads\/2023\/12\/00_10-1-18x12.jpg 18w\" sizes=\"auto, (max-width: 2000px) 100vw, 2000px\" \/><\/figure>\n\n\n\n<figure class=\"wp-block-image size-full\"><img loading=\"lazy\" decoding=\"async\" width=\"2000\" height=\"1333\" data-id=\"164\" src=\"https:\/\/nyolcesfel.hu\/wp-content\/uploads\/2023\/12\/1-solti-abel1-1.jpg\" alt=\"\" class=\"wp-image-164\" srcset=\"https:\/\/nyolcesfel.hu\/wp-content\/uploads\/2023\/12\/1-solti-abel1-1.jpg 2000w, https:\/\/nyolcesfel.hu\/wp-content\/uploads\/2023\/12\/1-solti-abel1-1-300x200.jpg 300w, https:\/\/nyolcesfel.hu\/wp-content\/uploads\/2023\/12\/1-solti-abel1-1-1024x682.jpg 1024w, https:\/\/nyolcesfel.hu\/wp-content\/uploads\/2023\/12\/1-solti-abel1-1-768x512.jpg 768w, https:\/\/nyolcesfel.hu\/wp-content\/uploads\/2023\/12\/1-solti-abel1-1-1536x1024.jpg 1536w, https:\/\/nyolcesfel.hu\/wp-content\/uploads\/2023\/12\/1-solti-abel1-1-18x12.jpg 18w\" sizes=\"auto, (max-width: 2000px) 100vw, 2000px\" \/><\/figure>\n\n\n\n<figure class=\"wp-block-image size-full\"><img loading=\"lazy\" decoding=\"async\" width=\"2000\" height=\"1333\" data-id=\"170\" src=\"https:\/\/nyolcesfel.hu\/wp-content\/uploads\/2023\/12\/1-solti-abel-1.jpg\" alt=\"\" class=\"wp-image-170\" srcset=\"https:\/\/nyolcesfel.hu\/wp-content\/uploads\/2023\/12\/1-solti-abel-1.jpg 2000w, https:\/\/nyolcesfel.hu\/wp-content\/uploads\/2023\/12\/1-solti-abel-1-300x200.jpg 300w, https:\/\/nyolcesfel.hu\/wp-content\/uploads\/2023\/12\/1-solti-abel-1-1024x682.jpg 1024w, https:\/\/nyolcesfel.hu\/wp-content\/uploads\/2023\/12\/1-solti-abel-1-768x512.jpg 768w, https:\/\/nyolcesfel.hu\/wp-content\/uploads\/2023\/12\/1-solti-abel-1-1536x1024.jpg 1536w, https:\/\/nyolcesfel.hu\/wp-content\/uploads\/2023\/12\/1-solti-abel-1-18x12.jpg 18w\" sizes=\"auto, (max-width: 2000px) 100vw, 2000px\" \/><\/figure>\n\n\n\n<figure class=\"wp-block-image size-full\"><img loading=\"lazy\" decoding=\"async\" width=\"2000\" height=\"1333\" data-id=\"167\" src=\"https:\/\/nyolcesfel.hu\/wp-content\/uploads\/2023\/12\/2.-solti-abel-1.jpg\" alt=\"\" class=\"wp-image-167\" srcset=\"https:\/\/nyolcesfel.hu\/wp-content\/uploads\/2023\/12\/2.-solti-abel-1.jpg 2000w, https:\/\/nyolcesfel.hu\/wp-content\/uploads\/2023\/12\/2.-solti-abel-1-300x200.jpg 300w, https:\/\/nyolcesfel.hu\/wp-content\/uploads\/2023\/12\/2.-solti-abel-1-1024x682.jpg 1024w, https:\/\/nyolcesfel.hu\/wp-content\/uploads\/2023\/12\/2.-solti-abel-1-768x512.jpg 768w, https:\/\/nyolcesfel.hu\/wp-content\/uploads\/2023\/12\/2.-solti-abel-1-1536x1024.jpg 1536w, https:\/\/nyolcesfel.hu\/wp-content\/uploads\/2023\/12\/2.-solti-abel-1-18x12.jpg 18w\" sizes=\"auto, (max-width: 2000px) 100vw, 2000px\" \/><\/figure>\n\n\n\n<figure class=\"wp-block-image size-full\"><img loading=\"lazy\" decoding=\"async\" width=\"1707\" height=\"2560\" data-id=\"173\" src=\"https:\/\/nyolcesfel.hu\/wp-content\/uploads\/2023\/12\/9.-solti-abel-1-scaled.jpg\" alt=\"\" class=\"wp-image-173\" srcset=\"https:\/\/nyolcesfel.hu\/wp-content\/uploads\/2023\/12\/9.-solti-abel-1-scaled.jpg 1707w, https:\/\/nyolcesfel.hu\/wp-content\/uploads\/2023\/12\/9.-solti-abel-1-200x300.jpg 200w, https:\/\/nyolcesfel.hu\/wp-content\/uploads\/2023\/12\/9.-solti-abel-1-683x1024.jpg 683w, https:\/\/nyolcesfel.hu\/wp-content\/uploads\/2023\/12\/9.-solti-abel-1-768x1152.jpg 768w, https:\/\/nyolcesfel.hu\/wp-content\/uploads\/2023\/12\/9.-solti-abel-1-1024x1536.jpg 1024w, https:\/\/nyolcesfel.hu\/wp-content\/uploads\/2023\/12\/9.-solti-abel-1-1365x2048.jpg 1365w, https:\/\/nyolcesfel.hu\/wp-content\/uploads\/2023\/12\/9.-solti-abel-1-8x12.jpg 8w\" sizes=\"auto, (max-width: 1707px) 100vw, 1707px\" \/><\/figure>\n\n\n\n<figure class=\"wp-block-image size-full\"><img loading=\"lazy\" decoding=\"async\" width=\"2000\" height=\"1326\" data-id=\"176\" src=\"https:\/\/nyolcesfel.hu\/wp-content\/uploads\/2023\/12\/220902-Gunther-2241-002.jpg\" alt=\"\" class=\"wp-image-176\" srcset=\"https:\/\/nyolcesfel.hu\/wp-content\/uploads\/2023\/12\/220902-Gunther-2241-002.jpg 2000w, https:\/\/nyolcesfel.hu\/wp-content\/uploads\/2023\/12\/220902-Gunther-2241-002-300x199.jpg 300w, https:\/\/nyolcesfel.hu\/wp-content\/uploads\/2023\/12\/220902-Gunther-2241-002-1024x679.jpg 1024w, https:\/\/nyolcesfel.hu\/wp-content\/uploads\/2023\/12\/220902-Gunther-2241-002-768x509.jpg 768w, https:\/\/nyolcesfel.hu\/wp-content\/uploads\/2023\/12\/220902-Gunther-2241-002-1536x1018.jpg 1536w, https:\/\/nyolcesfel.hu\/wp-content\/uploads\/2023\/12\/220902-Gunther-2241-002-18x12.jpg 18w\" sizes=\"auto, (max-width: 2000px) 100vw, 2000px\" \/><\/figure>\n\n\n\n<figure class=\"wp-block-image size-full\"><img loading=\"lazy\" decoding=\"async\" width=\"2000\" height=\"1350\" data-id=\"182\" src=\"https:\/\/nyolcesfel.hu\/wp-content\/uploads\/2023\/12\/220902-Gunther-2242-015.jpg\" alt=\"\" class=\"wp-image-182\" srcset=\"https:\/\/nyolcesfel.hu\/wp-content\/uploads\/2023\/12\/220902-Gunther-2242-015.jpg 2000w, https:\/\/nyolcesfel.hu\/wp-content\/uploads\/2023\/12\/220902-Gunther-2242-015-300x203.jpg 300w, https:\/\/nyolcesfel.hu\/wp-content\/uploads\/2023\/12\/220902-Gunther-2242-015-1024x691.jpg 1024w, https:\/\/nyolcesfel.hu\/wp-content\/uploads\/2023\/12\/220902-Gunther-2242-015-768x518.jpg 768w, https:\/\/nyolcesfel.hu\/wp-content\/uploads\/2023\/12\/220902-Gunther-2242-015-1536x1037.jpg 1536w, https:\/\/nyolcesfel.hu\/wp-content\/uploads\/2023\/12\/220902-Gunther-2242-015-18x12.jpg 18w\" sizes=\"auto, (max-width: 2000px) 100vw, 2000px\" \/><\/figure>\n\n\n\n<figure class=\"wp-block-image size-full\"><img loading=\"lazy\" decoding=\"async\" width=\"2000\" height=\"1436\" data-id=\"185\" src=\"https:\/\/nyolcesfel.hu\/wp-content\/uploads\/2023\/12\/1647941452259.jpg\" alt=\"\" class=\"wp-image-185\" srcset=\"https:\/\/nyolcesfel.hu\/wp-content\/uploads\/2023\/12\/1647941452259.jpg 2000w, https:\/\/nyolcesfel.hu\/wp-content\/uploads\/2023\/12\/1647941452259-300x215.jpg 300w, https:\/\/nyolcesfel.hu\/wp-content\/uploads\/2023\/12\/1647941452259-1024x735.jpg 1024w, https:\/\/nyolcesfel.hu\/wp-content\/uploads\/2023\/12\/1647941452259-768x551.jpg 768w, https:\/\/nyolcesfel.hu\/wp-content\/uploads\/2023\/12\/1647941452259-1536x1103.jpg 1536w, https:\/\/nyolcesfel.hu\/wp-content\/uploads\/2023\/12\/1647941452259-18x12.jpg 18w\" sizes=\"auto, (max-width: 2000px) 100vw, 2000px\" \/><\/figure>\n\n\n\n<figure class=\"wp-block-image size-full\"><img loading=\"lazy\" decoding=\"async\" width=\"2000\" height=\"1333\" data-id=\"179\" src=\"https:\/\/nyolcesfel.hu\/wp-content\/uploads\/2023\/12\/adonia_final_20.jpg\" alt=\"\" class=\"wp-image-179\" srcset=\"https:\/\/nyolcesfel.hu\/wp-content\/uploads\/2023\/12\/adonia_final_20.jpg 2000w, https:\/\/nyolcesfel.hu\/wp-content\/uploads\/2023\/12\/adonia_final_20-300x200.jpg 300w, https:\/\/nyolcesfel.hu\/wp-content\/uploads\/2023\/12\/adonia_final_20-1024x682.jpg 1024w, https:\/\/nyolcesfel.hu\/wp-content\/uploads\/2023\/12\/adonia_final_20-768x512.jpg 768w, https:\/\/nyolcesfel.hu\/wp-content\/uploads\/2023\/12\/adonia_final_20-1536x1024.jpg 1536w, https:\/\/nyolcesfel.hu\/wp-content\/uploads\/2023\/12\/adonia_final_20-18x12.jpg 18w\" sizes=\"auto, (max-width: 2000px) 100vw, 2000px\" \/><\/figure>\n\n\n\n<figure class=\"wp-block-image size-full\"><img loading=\"lazy\" decoding=\"async\" width=\"2000\" height=\"1333\" data-id=\"188\" src=\"https:\/\/nyolcesfel.hu\/wp-content\/uploads\/2023\/12\/city-zen_2_2.jpg\" alt=\"\" class=\"wp-image-188\" srcset=\"https:\/\/nyolcesfel.hu\/wp-content\/uploads\/2023\/12\/city-zen_2_2.jpg 2000w, https:\/\/nyolcesfel.hu\/wp-content\/uploads\/2023\/12\/city-zen_2_2-300x200.jpg 300w, https:\/\/nyolcesfel.hu\/wp-content\/uploads\/2023\/12\/city-zen_2_2-1024x682.jpg 1024w, https:\/\/nyolcesfel.hu\/wp-content\/uploads\/2023\/12\/city-zen_2_2-768x512.jpg 768w, https:\/\/nyolcesfel.hu\/wp-content\/uploads\/2023\/12\/city-zen_2_2-1536x1024.jpg 1536w, https:\/\/nyolcesfel.hu\/wp-content\/uploads\/2023\/12\/city-zen_2_2-18x12.jpg 18w\" sizes=\"auto, (max-width: 2000px) 100vw, 2000px\" \/><\/figure>\n\n\n\n<figure class=\"wp-block-image size-full\"><img loading=\"lazy\" decoding=\"async\" width=\"1707\" height=\"2560\" data-id=\"191\" src=\"https:\/\/nyolcesfel.hu\/wp-content\/uploads\/2023\/12\/city-zen_12_2-scaled.jpg\" alt=\"\" class=\"wp-image-191\" srcset=\"https:\/\/nyolcesfel.hu\/wp-content\/uploads\/2023\/12\/city-zen_12_2-scaled.jpg 1707w, https:\/\/nyolcesfel.hu\/wp-content\/uploads\/2023\/12\/city-zen_12_2-200x300.jpg 200w, https:\/\/nyolcesfel.hu\/wp-content\/uploads\/2023\/12\/city-zen_12_2-683x1024.jpg 683w, https:\/\/nyolcesfel.hu\/wp-content\/uploads\/2023\/12\/city-zen_12_2-768x1152.jpg 768w, https:\/\/nyolcesfel.hu\/wp-content\/uploads\/2023\/12\/city-zen_12_2-1024x1536.jpg 1024w, https:\/\/nyolcesfel.hu\/wp-content\/uploads\/2023\/12\/city-zen_12_2-1365x2048.jpg 1365w, https:\/\/nyolcesfel.hu\/wp-content\/uploads\/2023\/12\/city-zen_12_2-8x12.jpg 8w\" sizes=\"auto, (max-width: 1707px) 100vw, 1707px\" \/><\/figure>\n\n\n\n<figure class=\"wp-block-image size-full\"><img loading=\"lazy\" decoding=\"async\" width=\"2000\" height=\"1333\" data-id=\"194\" src=\"https:\/\/nyolcesfel.hu\/wp-content\/uploads\/2023\/12\/DSCF0318.jpg\" alt=\"\" class=\"wp-image-194\" srcset=\"https:\/\/nyolcesfel.hu\/wp-content\/uploads\/2023\/12\/DSCF0318.jpg 2000w, https:\/\/nyolcesfel.hu\/wp-content\/uploads\/2023\/12\/DSCF0318-300x200.jpg 300w, https:\/\/nyolcesfel.hu\/wp-content\/uploads\/2023\/12\/DSCF0318-1024x682.jpg 1024w, https:\/\/nyolcesfel.hu\/wp-content\/uploads\/2023\/12\/DSCF0318-768x512.jpg 768w, https:\/\/nyolcesfel.hu\/wp-content\/uploads\/2023\/12\/DSCF0318-1536x1024.jpg 1536w, https:\/\/nyolcesfel.hu\/wp-content\/uploads\/2023\/12\/DSCF0318-18x12.jpg 18w\" sizes=\"auto, (max-width: 2000px) 100vw, 2000px\" \/><\/figure>\n\n\n\n<figure class=\"wp-block-image size-full\"><img loading=\"lazy\" decoding=\"async\" width=\"2000\" height=\"1333\" data-id=\"197\" src=\"https:\/\/nyolcesfel.hu\/wp-content\/uploads\/2023\/12\/DSCF0354.jpg\" alt=\"\" class=\"wp-image-197\" srcset=\"https:\/\/nyolcesfel.hu\/wp-content\/uploads\/2023\/12\/DSCF0354.jpg 2000w, https:\/\/nyolcesfel.hu\/wp-content\/uploads\/2023\/12\/DSCF0354-300x200.jpg 300w, https:\/\/nyolcesfel.hu\/wp-content\/uploads\/2023\/12\/DSCF0354-1024x682.jpg 1024w, https:\/\/nyolcesfel.hu\/wp-content\/uploads\/2023\/12\/DSCF0354-768x512.jpg 768w, https:\/\/nyolcesfel.hu\/wp-content\/uploads\/2023\/12\/DSCF0354-1536x1024.jpg 1536w, https:\/\/nyolcesfel.hu\/wp-content\/uploads\/2023\/12\/DSCF0354-18x12.jpg 18w\" sizes=\"auto, (max-width: 2000px) 100vw, 2000px\" \/><\/figure>\n\n\n\n<figure class=\"wp-block-image size-full\"><img loading=\"lazy\" decoding=\"async\" width=\"2000\" height=\"1333\" data-id=\"200\" src=\"https:\/\/nyolcesfel.hu\/wp-content\/uploads\/2023\/12\/DSCF0383.jpg\" alt=\"\" class=\"wp-image-200\" srcset=\"https:\/\/nyolcesfel.hu\/wp-content\/uploads\/2023\/12\/DSCF0383.jpg 2000w, https:\/\/nyolcesfel.hu\/wp-content\/uploads\/2023\/12\/DSCF0383-300x200.jpg 300w, https:\/\/nyolcesfel.hu\/wp-content\/uploads\/2023\/12\/DSCF0383-1024x682.jpg 1024w, https:\/\/nyolcesfel.hu\/wp-content\/uploads\/2023\/12\/DSCF0383-768x512.jpg 768w, https:\/\/nyolcesfel.hu\/wp-content\/uploads\/2023\/12\/DSCF0383-1536x1024.jpg 1536w, https:\/\/nyolcesfel.hu\/wp-content\/uploads\/2023\/12\/DSCF0383-18x12.jpg 18w\" sizes=\"auto, (max-width: 2000px) 100vw, 2000px\" \/><\/figure>\n\n\n\n<figure class=\"wp-block-image size-full\"><img loading=\"lazy\" decoding=\"async\" width=\"2000\" height=\"1333\" data-id=\"203\" src=\"https:\/\/nyolcesfel.hu\/wp-content\/uploads\/2023\/12\/DSCF0847.jpg\" alt=\"\" class=\"wp-image-203\" srcset=\"https:\/\/nyolcesfel.hu\/wp-content\/uploads\/2023\/12\/DSCF0847.jpg 2000w, https:\/\/nyolcesfel.hu\/wp-content\/uploads\/2023\/12\/DSCF0847-300x200.jpg 300w, https:\/\/nyolcesfel.hu\/wp-content\/uploads\/2023\/12\/DSCF0847-1024x682.jpg 1024w, https:\/\/nyolcesfel.hu\/wp-content\/uploads\/2023\/12\/DSCF0847-768x512.jpg 768w, https:\/\/nyolcesfel.hu\/wp-content\/uploads\/2023\/12\/DSCF0847-1536x1024.jpg 1536w, https:\/\/nyolcesfel.hu\/wp-content\/uploads\/2023\/12\/DSCF0847-18x12.jpg 18w\" sizes=\"auto, (max-width: 2000px) 100vw, 2000px\" \/><\/figure>\n\n\n\n<figure class=\"wp-block-image size-full\"><img loading=\"lazy\" decoding=\"async\" width=\"2000\" height=\"1333\" data-id=\"206\" src=\"https:\/\/nyolcesfel.hu\/wp-content\/uploads\/2023\/12\/DSCF0857.jpg\" alt=\"\" class=\"wp-image-206\" srcset=\"https:\/\/nyolcesfel.hu\/wp-content\/uploads\/2023\/12\/DSCF0857.jpg 2000w, https:\/\/nyolcesfel.hu\/wp-content\/uploads\/2023\/12\/DSCF0857-300x200.jpg 300w, https:\/\/nyolcesfel.hu\/wp-content\/uploads\/2023\/12\/DSCF0857-1024x682.jpg 1024w, https:\/\/nyolcesfel.hu\/wp-content\/uploads\/2023\/12\/DSCF0857-768x512.jpg 768w, https:\/\/nyolcesfel.hu\/wp-content\/uploads\/2023\/12\/DSCF0857-1536x1024.jpg 1536w, https:\/\/nyolcesfel.hu\/wp-content\/uploads\/2023\/12\/DSCF0857-18x12.jpg 18w\" sizes=\"auto, (max-width: 2000px) 100vw, 2000px\" \/><\/figure>\n\n\n\n<figure class=\"wp-block-image size-full\"><img loading=\"lazy\" decoding=\"async\" width=\"2000\" height=\"1333\" data-id=\"209\" src=\"https:\/\/nyolcesfel.hu\/wp-content\/uploads\/2023\/12\/DSCF1018.jpg\" alt=\"\" class=\"wp-image-209\" srcset=\"https:\/\/nyolcesfel.hu\/wp-content\/uploads\/2023\/12\/DSCF1018.jpg 2000w, https:\/\/nyolcesfel.hu\/wp-content\/uploads\/2023\/12\/DSCF1018-300x200.jpg 300w, https:\/\/nyolcesfel.hu\/wp-content\/uploads\/2023\/12\/DSCF1018-1024x682.jpg 1024w, https:\/\/nyolcesfel.hu\/wp-content\/uploads\/2023\/12\/DSCF1018-768x512.jpg 768w, https:\/\/nyolcesfel.hu\/wp-content\/uploads\/2023\/12\/DSCF1018-1536x1024.jpg 1536w, https:\/\/nyolcesfel.hu\/wp-content\/uploads\/2023\/12\/DSCF1018-18x12.jpg 18w\" sizes=\"auto, (max-width: 2000px) 100vw, 2000px\" \/><\/figure>\n\n\n\n<figure class=\"wp-block-image size-full\"><img loading=\"lazy\" decoding=\"async\" width=\"2000\" height=\"1333\" data-id=\"212\" src=\"https:\/\/nyolcesfel.hu\/wp-content\/uploads\/2023\/12\/DSCF1033.jpg\" alt=\"\" class=\"wp-image-212\" srcset=\"https:\/\/nyolcesfel.hu\/wp-content\/uploads\/2023\/12\/DSCF1033.jpg 2000w, https:\/\/nyolcesfel.hu\/wp-content\/uploads\/2023\/12\/DSCF1033-300x200.jpg 300w, https:\/\/nyolcesfel.hu\/wp-content\/uploads\/2023\/12\/DSCF1033-1024x682.jpg 1024w, https:\/\/nyolcesfel.hu\/wp-content\/uploads\/2023\/12\/DSCF1033-768x512.jpg 768w, https:\/\/nyolcesfel.hu\/wp-content\/uploads\/2023\/12\/DSCF1033-1536x1024.jpg 1536w, https:\/\/nyolcesfel.hu\/wp-content\/uploads\/2023\/12\/DSCF1033-18x12.jpg 18w\" sizes=\"auto, (max-width: 2000px) 100vw, 2000px\" \/><\/figure>\n\n\n\n<figure class=\"wp-block-image size-full\"><img loading=\"lazy\" decoding=\"async\" width=\"2000\" height=\"1333\" data-id=\"218\" src=\"https:\/\/nyolcesfel.hu\/wp-content\/uploads\/2023\/12\/DSCF1128.jpg\" alt=\"\" class=\"wp-image-218\" srcset=\"https:\/\/nyolcesfel.hu\/wp-content\/uploads\/2023\/12\/DSCF1128.jpg 2000w, https:\/\/nyolcesfel.hu\/wp-content\/uploads\/2023\/12\/DSCF1128-300x200.jpg 300w, https:\/\/nyolcesfel.hu\/wp-content\/uploads\/2023\/12\/DSCF1128-1024x682.jpg 1024w, https:\/\/nyolcesfel.hu\/wp-content\/uploads\/2023\/12\/DSCF1128-768x512.jpg 768w, https:\/\/nyolcesfel.hu\/wp-content\/uploads\/2023\/12\/DSCF1128-1536x1024.jpg 1536w, https:\/\/nyolcesfel.hu\/wp-content\/uploads\/2023\/12\/DSCF1128-18x12.jpg 18w\" sizes=\"auto, (max-width: 2000px) 100vw, 2000px\" \/><\/figure>\n\n\n\n<figure class=\"wp-block-image size-full\"><img loading=\"lazy\" decoding=\"async\" width=\"2000\" height=\"1333\" data-id=\"215\" src=\"https:\/\/nyolcesfel.hu\/wp-content\/uploads\/2023\/12\/DSCF1168.jpg\" alt=\"\" class=\"wp-image-215\" srcset=\"https:\/\/nyolcesfel.hu\/wp-content\/uploads\/2023\/12\/DSCF1168.jpg 2000w, https:\/\/nyolcesfel.hu\/wp-content\/uploads\/2023\/12\/DSCF1168-300x200.jpg 300w, https:\/\/nyolcesfel.hu\/wp-content\/uploads\/2023\/12\/DSCF1168-1024x682.jpg 1024w, https:\/\/nyolcesfel.hu\/wp-content\/uploads\/2023\/12\/DSCF1168-768x512.jpg 768w, https:\/\/nyolcesfel.hu\/wp-content\/uploads\/2023\/12\/DSCF1168-1536x1024.jpg 1536w, https:\/\/nyolcesfel.hu\/wp-content\/uploads\/2023\/12\/DSCF1168-18x12.jpg 18w\" sizes=\"auto, (max-width: 2000px) 100vw, 2000px\" \/><\/figure>\n\n\n\n<figure class=\"wp-block-image size-full\"><img loading=\"lazy\" decoding=\"async\" width=\"2000\" height=\"1333\" data-id=\"221\" src=\"https:\/\/nyolcesfel.hu\/wp-content\/uploads\/2023\/12\/DSCF1300-mA\u00a1solata.jpg\" alt=\"\" class=\"wp-image-221\" srcset=\"https:\/\/nyolcesfel.hu\/wp-content\/uploads\/2023\/12\/DSCF1300-mA\u00a1solata.jpg 2000w, https:\/\/nyolcesfel.hu\/wp-content\/uploads\/2023\/12\/DSCF1300-mA\u00a1solata-300x200.jpg 300w, https:\/\/nyolcesfel.hu\/wp-content\/uploads\/2023\/12\/DSCF1300-mA\u00a1solata-1024x682.jpg 1024w, https:\/\/nyolcesfel.hu\/wp-content\/uploads\/2023\/12\/DSCF1300-mA\u00a1solata-768x512.jpg 768w, https:\/\/nyolcesfel.hu\/wp-content\/uploads\/2023\/12\/DSCF1300-mA\u00a1solata-1536x1024.jpg 1536w, https:\/\/nyolcesfel.hu\/wp-content\/uploads\/2023\/12\/DSCF1300-mA\u00a1solata-18x12.jpg 18w\" sizes=\"auto, (max-width: 2000px) 100vw, 2000px\" \/><\/figure>\n\n\n\n<figure class=\"wp-block-image size-full\"><img loading=\"lazy\" decoding=\"async\" width=\"2000\" height=\"1333\" data-id=\"224\" src=\"https:\/\/nyolcesfel.hu\/wp-content\/uploads\/2023\/12\/DSCF1994.jpg\" alt=\"\" class=\"wp-image-224\" srcset=\"https:\/\/nyolcesfel.hu\/wp-content\/uploads\/2023\/12\/DSCF1994.jpg 2000w, https:\/\/nyolcesfel.hu\/wp-content\/uploads\/2023\/12\/DSCF1994-300x200.jpg 300w, https:\/\/nyolcesfel.hu\/wp-content\/uploads\/2023\/12\/DSCF1994-1024x682.jpg 1024w, https:\/\/nyolcesfel.hu\/wp-content\/uploads\/2023\/12\/DSCF1994-768x512.jpg 768w, https:\/\/nyolcesfel.hu\/wp-content\/uploads\/2023\/12\/DSCF1994-1536x1024.jpg 1536w, https:\/\/nyolcesfel.hu\/wp-content\/uploads\/2023\/12\/DSCF1994-18x12.jpg 18w\" sizes=\"auto, (max-width: 2000px) 100vw, 2000px\" \/><\/figure>\n\n\n\n<figure class=\"wp-block-image size-full\"><img loading=\"lazy\" decoding=\"async\" width=\"2000\" height=\"1334\" data-id=\"230\" src=\"https:\/\/nyolcesfel.hu\/wp-content\/uploads\/2023\/12\/titkos-fotos.jpg\" alt=\"\" class=\"wp-image-230\" srcset=\"https:\/\/nyolcesfel.hu\/wp-content\/uploads\/2023\/12\/titkos-fotos.jpg 2000w, https:\/\/nyolcesfel.hu\/wp-content\/uploads\/2023\/12\/titkos-fotos-300x200.jpg 300w, https:\/\/nyolcesfel.hu\/wp-content\/uploads\/2023\/12\/titkos-fotos-1024x683.jpg 1024w, https:\/\/nyolcesfel.hu\/wp-content\/uploads\/2023\/12\/titkos-fotos-768x512.jpg 768w, https:\/\/nyolcesfel.hu\/wp-content\/uploads\/2023\/12\/titkos-fotos-1536x1025.jpg 1536w, https:\/\/nyolcesfel.hu\/wp-content\/uploads\/2023\/12\/titkos-fotos-18x12.jpg 18w\" sizes=\"auto, (max-width: 2000px) 100vw, 2000px\" \/><\/figure>\n<\/figure>","protected":false},"excerpt":{"rendered":"<p>A Nyolc\u00e9sf\u00e9l egy olyan m\u0171v\u00e9szeti int\u00e9zm\u00e9ny, m\u0171v\u00e9szeti t\u00e9r, m\u0171v\u00e9szh\u00e1z, kultur\u00e1lis olvaszt\u00f3t\u00e9gely, amely b\u00e1r \u00f6nk\u00e9ntelen\u00fcl, de f\u00e1radhatatlanul ellehetetlen\u00edt minden, ak\u00e1r a bels\u0151 \u00f6nmeghat\u00e1roz\u00e1sra, ak\u00e1r a k\u00edv\u00fclr\u0151l \u00e9rkez\u0151 bekategoriz\u00e1l\u00e1s\u00e1ra tett k\u00eds\u00e9rletet. Az egykori, j\u00f3zsefv\u00e1rosi interurb\u00e1n telefonk\u00f6zpont nyugd\u00edjaz\u00e1sa, mint ipari \u00e9p\u00fclet ind\u00edtotta \u00fatj\u00e1ra a v\u00e9letlenek \u00e9s v\u00e1ratlanok tal\u00e1lkoz\u00e1s\u00e1nak sorozat\u00e1t, amelyeknek eredm\u00e9nyek\u00e9nt az egykori szervertermek m\u00e1ra m\u0171helyek, m\u0171termek, pr\u00f3batermek, [&hellip;]<\/p>","protected":false},"author":3,"featured_media":0,"parent":0,"menu_order":0,"comment_status":"closed","ping_status":"closed","template":"disperse-gallery.php","meta":{"_acf_changed":false,"footnotes":""},"class_list":["post-33","page","type-page","status-publish","hentry"],"acf":[],"_links":{"self":[{"href":"https:\/\/nyolcesfel.hu\/en\/wp-json\/wp\/v2\/pages\/33","targetHints":{"allow":["GET"]}}],"collection":[{"href":"https:\/\/nyolcesfel.hu\/en\/wp-json\/wp\/v2\/pages"}],"about":[{"href":"https:\/\/nyolcesfel.hu\/en\/wp-json\/wp\/v2\/types\/page"}],"author":[{"embeddable":true,"href":"https:\/\/nyolcesfel.hu\/en\/wp-json\/wp\/v2\/users\/3"}],"replies":[{"embeddable":true,"href":"https:\/\/nyolcesfel.hu\/en\/wp-json\/wp\/v2\/comments?post=33"}],"version-history":[{"count":57,"href":"https:\/\/nyolcesfel.hu\/en\/wp-json\/wp\/v2\/pages\/33\/revisions"}],"predecessor-version":[{"id":1000,"href":"https:\/\/nyolcesfel.hu\/en\/wp-json\/wp\/v2\/pages\/33\/revisions\/1000"}],"wp:attachment":[{"href":"https:\/\/nyolcesfel.hu\/en\/wp-json\/wp\/v2\/media?parent=33"}],"curies":[{"name":"wp","href":"https:\/\/api.w.org\/{rel}","templated":true}]}}