{"id":39,"date":"2023-12-12T17:18:12","date_gmt":"2023-12-12T17:18:12","guid":{"rendered":"https:\/\/nyolcesfel.hu\/?page_id=39"},"modified":"2024-03-27T13:46:25","modified_gmt":"2024-03-27T13:46:25","slug":"tortenet","status":"publish","type":"page","link":"https:\/\/nyolcesfel.hu\/en\/tortenet\/","title":{"rendered":"History"},"content":{"rendered":"<p>\u00c9p\u00fclet\u00fcnk 1971-ben \u00e9p\u00fclt fel a j\u00f3l ismert, Ray Rezs\u0151 \u00e1ltal tervezett, 1917-ben \u00e1tadott Horv\u00e1th Mih\u00e1ly t\u00e9ri J\u00f3zsef Telefonk\u00f6zpont k\u00e9s\u0151modern b\u0151v\u00edt\u00e9sek\u00e9nt. A terveket az UVATERV k\u00e9sz\u00edtette a Postai Tervez\u0151 Int\u00e9zet megrendel\u00e9s\u00e9re, a vezet\u0151 tervez\u0151 Cleve Rudolf volt. A N\u00e9met utc\u00e1ban eredetileg egy l\u00e9goltalmi bunker \u00e1llt, amelynek r\u00e1\u00e9p\u00edt\u00e9s\u00e9vel j\u00f6tt l\u00e9tre az \u00fagynevezett LOB \u00e9p\u00fclet. Mellette \u00e1ll jelenleg egy nagyon keskeny b\u0151v\u00edt\u00e9s irod\u00e1kkal, amely \u00f6sszek\u00f6t\u00f6tte a T\u00e1vv\u00e1laszt\u00f3 K\u00f6zpontot a ma luxushotelk\u00e9nt m\u0171k\u00f6d\u0151, Ray Rezs\u0151 Vilmos tervezte m\u0171eml\u00e9kkel. Az egy\u00fcttes legkarakteresebb r\u00e9sze egy\u00e9rtelm\u0171en a k\u00f6zponti, lekerek\u00edtett sark\u00fa &#8222;kocka&#8221; t\u00f6mb. A jelenlegi \u00fczemeltet\u0151i k\u00f6r 2020-ban v\u00e1s\u00e1rolta meg az \u00e9p\u00fcletegy\u00fcttest a Telekomt\u00f3l, amely napjainkban a belv\u00e1ros egyik legtrendibb m\u0171v\u00e9szeti k\u00f6zpontjak\u00e9nt funkcion\u00e1l.<\/p>\n\n\n\n<p>A hatalmas ter\u00fclet\u0171 m\u0171eml\u00e9ket egy\u00e9bk\u00e9nt t\u00f6bbsz\u00f6r moderniz\u00e1lt\u00e1k \u00e9s eg\u00e9sz\u00edtett\u00e9k ki, itt most f\u0151k\u00e9nt az 1960-as \u00e9vek m\u00e1sodik fel\u00e9ben \u00e9p\u00fclt, t\u00f6bbszintes toldal\u00e9kokr\u00f3l besz\u00e9l\u00fcnk. Alapk\u0151let\u00e9tel\u00e9t 1967-ben tartott\u00e1k \u00e9s 1968-ra kellett kivitelezni, hogy a berendez\u00e9s szerel\u00e9s\u00e9t 1970-re m\u00e1r teljesen befejezhess\u00e9k benne. Az \u00e9p\u00fcletben az akkori legmodernebbnek sz\u00e1m\u00edt\u00f3 szovjet, jugoszl\u00e1v \u00e9s nyugatn\u00e9met berendez\u00e9s tette lehet\u0151v\u00e9, hogy emberi k\u00f6zrem\u0171k\u00f6d\u00e9s n\u00e9lk\u00fcl kapcsoljanak h\u00edv\u00e1sokat a belf\u00f6ldi telefonok eset\u00e9ben, mindez nemzetk\u00f6zi kapcsol\u00e1sokn\u00e1l pedig f\u00e9lautomata rendszerben tudott m\u00e1r itthon is m\u0171k\u00f6dni.<\/p>\n\n\n\n<p>Source: \u00c9p\u00edt\u00e9szf\u00f3rum<br>Images: Fortepan, Postam\u00fazeum<\/p>\n\n\n\n<div style=\"height:100px\" aria-hidden=\"true\" class=\"wp-block-spacer\"><\/div>\n\n\n\n<figure class=\"wp-block-gallery has-nested-images columns-default is-cropped wp-block-gallery-1 is-layout-flex wp-block-gallery-is-layout-flex\">\n<figure class=\"wp-block-image size-large\"><img loading=\"lazy\" decoding=\"async\" width=\"1024\" height=\"696\" data-id=\"668\" src=\"https:\/\/nyolcesfel.hu\/wp-content\/uploads\/2024\/01\/fortepan-uvaterv-1965.jpg\" alt=\"\" class=\"wp-image-668\" srcset=\"https:\/\/nyolcesfel.hu\/wp-content\/uploads\/2024\/01\/fortepan-uvaterv-1965.jpg 1024w, https:\/\/nyolcesfel.hu\/wp-content\/uploads\/2024\/01\/fortepan-uvaterv-1965-300x204.jpg 300w, https:\/\/nyolcesfel.hu\/wp-content\/uploads\/2024\/01\/fortepan-uvaterv-1965-768x522.jpg 768w, https:\/\/nyolcesfel.hu\/wp-content\/uploads\/2024\/01\/fortepan-uvaterv-1965-18x12.jpg 18w\" sizes=\"auto, (max-width: 1024px) 100vw, 1024px\" \/><\/figure>\n\n\n\n<figure class=\"wp-block-image size-large\"><img loading=\"lazy\" decoding=\"async\" width=\"751\" height=\"1024\" data-id=\"669\" src=\"https:\/\/nyolcesfel.hu\/wp-content\/uploads\/2024\/01\/fortepan_96789_1965-751x1024.jpg\" alt=\"\" class=\"wp-image-669\" srcset=\"https:\/\/nyolcesfel.hu\/wp-content\/uploads\/2024\/01\/fortepan_96789_1965-751x1024.jpg 751w, https:\/\/nyolcesfel.hu\/wp-content\/uploads\/2024\/01\/fortepan_96789_1965-220x300.jpg 220w, https:\/\/nyolcesfel.hu\/wp-content\/uploads\/2024\/01\/fortepan_96789_1965-768x1047.jpg 768w, https:\/\/nyolcesfel.hu\/wp-content\/uploads\/2024\/01\/fortepan_96789_1965-9x12.jpg 9w, https:\/\/nyolcesfel.hu\/wp-content\/uploads\/2024\/01\/fortepan_96789_1965.jpg 880w\" sizes=\"auto, (max-width: 751px) 100vw, 751px\" \/><\/figure>\n\n\n\n<figure class=\"wp-block-image size-large\"><img loading=\"lazy\" decoding=\"async\" width=\"1024\" height=\"897\" data-id=\"672\" src=\"https:\/\/nyolcesfel.hu\/wp-content\/uploads\/2024\/01\/fortepan_98188_1972-1024x897.jpg\" alt=\"\" class=\"wp-image-672\" srcset=\"https:\/\/nyolcesfel.hu\/wp-content\/uploads\/2024\/01\/fortepan_98188_1972-1024x897.jpg 1024w, https:\/\/nyolcesfel.hu\/wp-content\/uploads\/2024\/01\/fortepan_98188_1972-300x263.jpg 300w, https:\/\/nyolcesfel.hu\/wp-content\/uploads\/2024\/01\/fortepan_98188_1972-768x673.jpg 768w, https:\/\/nyolcesfel.hu\/wp-content\/uploads\/2024\/01\/fortepan_98188_1972-14x12.jpg 14w, https:\/\/nyolcesfel.hu\/wp-content\/uploads\/2024\/01\/fortepan_98188_1972.jpg 1200w\" sizes=\"auto, (max-width: 1024px) 100vw, 1024px\" \/><\/figure>\n\n\n\n<figure class=\"wp-block-image size-large\"><img loading=\"lazy\" decoding=\"async\" width=\"917\" height=\"1024\" data-id=\"670\" src=\"https:\/\/nyolcesfel.hu\/wp-content\/uploads\/2024\/01\/fortepan_98190_1972-917x1024.jpg\" alt=\"\" class=\"wp-image-670\" srcset=\"https:\/\/nyolcesfel.hu\/wp-content\/uploads\/2024\/01\/fortepan_98190_1972-917x1024.jpg 917w, https:\/\/nyolcesfel.hu\/wp-content\/uploads\/2024\/01\/fortepan_98190_1972-269x300.jpg 269w, https:\/\/nyolcesfel.hu\/wp-content\/uploads\/2024\/01\/fortepan_98190_1972-768x857.jpg 768w, https:\/\/nyolcesfel.hu\/wp-content\/uploads\/2024\/01\/fortepan_98190_1972-11x12.jpg 11w, https:\/\/nyolcesfel.hu\/wp-content\/uploads\/2024\/01\/fortepan_98190_1972.jpg 1075w\" sizes=\"auto, (max-width: 917px) 100vw, 917px\" \/><\/figure>\n\n\n\n<figure class=\"wp-block-image size-large\"><img loading=\"lazy\" decoding=\"async\" width=\"1024\" height=\"683\" data-id=\"671\" src=\"https:\/\/nyolcesfel.hu\/wp-content\/uploads\/2024\/01\/fortepan_98191_1972-1024x683.jpg\" alt=\"\" class=\"wp-image-671\" srcset=\"https:\/\/nyolcesfel.hu\/wp-content\/uploads\/2024\/01\/fortepan_98191_1972-1024x683.jpg 1024w, https:\/\/nyolcesfel.hu\/wp-content\/uploads\/2024\/01\/fortepan_98191_1972-300x200.jpg 300w, https:\/\/nyolcesfel.hu\/wp-content\/uploads\/2024\/01\/fortepan_98191_1972-768x512.jpg 768w, https:\/\/nyolcesfel.hu\/wp-content\/uploads\/2024\/01\/fortepan_98191_1972-18x12.jpg 18w, https:\/\/nyolcesfel.hu\/wp-content\/uploads\/2024\/01\/fortepan_98191_1972.jpg 1200w\" sizes=\"auto, (max-width: 1024px) 100vw, 1024px\" \/><\/figure>\n\n\n\n<figure class=\"wp-block-image size-large\"><img loading=\"lazy\" decoding=\"async\" width=\"1024\" height=\"722\" data-id=\"673\" src=\"https:\/\/nyolcesfel.hu\/wp-content\/uploads\/2024\/01\/fortepan_215448_1971-1024x722.jpg\" alt=\"\" class=\"wp-image-673\" srcset=\"https:\/\/nyolcesfel.hu\/wp-content\/uploads\/2024\/01\/fortepan_215448_1971-1024x722.jpg 1024w, https:\/\/nyolcesfel.hu\/wp-content\/uploads\/2024\/01\/fortepan_215448_1971-300x212.jpg 300w, https:\/\/nyolcesfel.hu\/wp-content\/uploads\/2024\/01\/fortepan_215448_1971-768x541.jpg 768w, https:\/\/nyolcesfel.hu\/wp-content\/uploads\/2024\/01\/fortepan_215448_1971-18x12.jpg 18w, https:\/\/nyolcesfel.hu\/wp-content\/uploads\/2024\/01\/fortepan_215448_1971.jpg 1200w\" sizes=\"auto, (max-width: 1024px) 100vw, 1024px\" \/><\/figure>\n\n\n\n<figure class=\"wp-block-image size-large\"><img loading=\"lazy\" decoding=\"async\" width=\"1024\" height=\"752\" data-id=\"674\" src=\"https:\/\/nyolcesfel.hu\/wp-content\/uploads\/2024\/01\/Pom_24.548_001-1024x752.jpg\" alt=\"\" class=\"wp-image-674\" srcset=\"https:\/\/nyolcesfel.hu\/wp-content\/uploads\/2024\/01\/Pom_24.548_001-1024x752.jpg 1024w, https:\/\/nyolcesfel.hu\/wp-content\/uploads\/2024\/01\/Pom_24.548_001-300x220.jpg 300w, https:\/\/nyolcesfel.hu\/wp-content\/uploads\/2024\/01\/Pom_24.548_001-768x564.jpg 768w, https:\/\/nyolcesfel.hu\/wp-content\/uploads\/2024\/01\/Pom_24.548_001-1536x1128.jpg 1536w, https:\/\/nyolcesfel.hu\/wp-content\/uploads\/2024\/01\/Pom_24.548_001-2048x1504.jpg 2048w, https:\/\/nyolcesfel.hu\/wp-content\/uploads\/2024\/01\/Pom_24.548_001-16x12.jpg 16w\" sizes=\"auto, (max-width: 1024px) 100vw, 1024px\" \/><\/figure>\n\n\n\n<figure class=\"wp-block-image size-large\"><img loading=\"lazy\" decoding=\"async\" width=\"1024\" height=\"761\" data-id=\"676\" src=\"https:\/\/nyolcesfel.hu\/wp-content\/uploads\/2024\/01\/Pom_24.548_002-1024x761.jpg\" alt=\"\" class=\"wp-image-676\" srcset=\"https:\/\/nyolcesfel.hu\/wp-content\/uploads\/2024\/01\/Pom_24.548_002-1024x761.jpg 1024w, https:\/\/nyolcesfel.hu\/wp-content\/uploads\/2024\/01\/Pom_24.548_002-300x223.jpg 300w, https:\/\/nyolcesfel.hu\/wp-content\/uploads\/2024\/01\/Pom_24.548_002-768x571.jpg 768w, https:\/\/nyolcesfel.hu\/wp-content\/uploads\/2024\/01\/Pom_24.548_002-1536x1141.jpg 1536w, https:\/\/nyolcesfel.hu\/wp-content\/uploads\/2024\/01\/Pom_24.548_002-2048x1521.jpg 2048w, https:\/\/nyolcesfel.hu\/wp-content\/uploads\/2024\/01\/Pom_24.548_002-16x12.jpg 16w\" sizes=\"auto, (max-width: 1024px) 100vw, 1024px\" \/><\/figure>\n\n\n\n<figure class=\"wp-block-image size-large\"><img loading=\"lazy\" decoding=\"async\" width=\"726\" height=\"1024\" data-id=\"675\" src=\"https:\/\/nyolcesfel.hu\/wp-content\/uploads\/2024\/01\/Pom_100.-Budapesti-Nemzetkozi-Tavhivo-Kozpont-726x1024.jpg\" alt=\"\" class=\"wp-image-675\" srcset=\"https:\/\/nyolcesfel.hu\/wp-content\/uploads\/2024\/01\/Pom_100.-Budapesti-Nemzetkozi-Tavhivo-Kozpont-726x1024.jpg 726w, https:\/\/nyolcesfel.hu\/wp-content\/uploads\/2024\/01\/Pom_100.-Budapesti-Nemzetkozi-Tavhivo-Kozpont-213x300.jpg 213w, https:\/\/nyolcesfel.hu\/wp-content\/uploads\/2024\/01\/Pom_100.-Budapesti-Nemzetkozi-Tavhivo-Kozpont-768x1084.jpg 768w, https:\/\/nyolcesfel.hu\/wp-content\/uploads\/2024\/01\/Pom_100.-Budapesti-Nemzetkozi-Tavhivo-Kozpont-1089x1536.jpg 1089w, https:\/\/nyolcesfel.hu\/wp-content\/uploads\/2024\/01\/Pom_100.-Budapesti-Nemzetkozi-Tavhivo-Kozpont-1451x2048.jpg 1451w, https:\/\/nyolcesfel.hu\/wp-content\/uploads\/2024\/01\/Pom_100.-Budapesti-Nemzetkozi-Tavhivo-Kozpont-9x12.jpg 9w, https:\/\/nyolcesfel.hu\/wp-content\/uploads\/2024\/01\/Pom_100.-Budapesti-Nemzetkozi-Tavhivo-Kozpont.jpg 1613w\" sizes=\"auto, (max-width: 726px) 100vw, 726px\" \/><\/figure>\n<\/figure>","protected":false},"excerpt":{"rendered":"<p>\u00c9p\u00fclet\u00fcnk 1971-ben \u00e9p\u00fclt fel a j\u00f3l ismert, Ray Rezs\u0151 \u00e1ltal tervezett, 1917-ben \u00e1tadott Horv\u00e1th Mih\u00e1ly t\u00e9ri J\u00f3zsef Telefonk\u00f6zpont k\u00e9s\u0151modern b\u0151v\u00edt\u00e9sek\u00e9nt. A terveket az UVATERV k\u00e9sz\u00edtette a Postai Tervez\u0151 Int\u00e9zet megrendel\u00e9s\u00e9re, a vezet\u0151 tervez\u0151 Cleve Rudolf volt. A N\u00e9met utc\u00e1ban eredetileg egy l\u00e9goltalmi bunker \u00e1llt, amelynek r\u00e1\u00e9p\u00edt\u00e9s\u00e9vel j\u00f6tt l\u00e9tre az \u00fagynevezett LOB \u00e9p\u00fclet. Mellette \u00e1ll jelenleg [&hellip;]<\/p>","protected":false},"author":3,"featured_media":0,"parent":0,"menu_order":0,"comment_status":"closed","ping_status":"closed","template":"disperse-gallery.php","meta":{"_acf_changed":false,"footnotes":""},"class_list":["post-39","page","type-page","status-publish","hentry"],"acf":[],"_links":{"self":[{"href":"https:\/\/nyolcesfel.hu\/en\/wp-json\/wp\/v2\/pages\/39","targetHints":{"allow":["GET"]}}],"collection":[{"href":"https:\/\/nyolcesfel.hu\/en\/wp-json\/wp\/v2\/pages"}],"about":[{"href":"https:\/\/nyolcesfel.hu\/en\/wp-json\/wp\/v2\/types\/page"}],"author":[{"embeddable":true,"href":"https:\/\/nyolcesfel.hu\/en\/wp-json\/wp\/v2\/users\/3"}],"replies":[{"embeddable":true,"href":"https:\/\/nyolcesfel.hu\/en\/wp-json\/wp\/v2\/comments?post=39"}],"version-history":[{"count":9,"href":"https:\/\/nyolcesfel.hu\/en\/wp-json\/wp\/v2\/pages\/39\/revisions"}],"predecessor-version":[{"id":879,"href":"https:\/\/nyolcesfel.hu\/en\/wp-json\/wp\/v2\/pages\/39\/revisions\/879"}],"wp:attachment":[{"href":"https:\/\/nyolcesfel.hu\/en\/wp-json\/wp\/v2\/media?parent=39"}],"curies":[{"name":"wp","href":"https:\/\/api.w.org\/{rel}","templated":true}]}}