{"id":45,"date":"2023-12-12T17:18:43","date_gmt":"2023-12-12T17:18:43","guid":{"rendered":"https:\/\/nyolcesfel.hu\/?page_id=45"},"modified":"2026-03-03T14:58:11","modified_gmt":"2026-03-03T14:58:11","slug":"kapcsolat","status":"publish","type":"page","link":"https:\/\/nyolcesfel.hu\/en\/kapcsolat\/","title":{"rendered":"Contact"},"content":{"rendered":"<p class=\"has-text-align-center\"><strong>Nyolc\u00e9sf\u00e9l \u2013 The Space for Artists <\/strong><\/p>\n\n\n\n<p class=\"has-text-align-center\">Nyolc\u00e9sf\u00e9l is a unique creative space where artists, creators, and studios can find an inspiring work environment.<\/p>\n\n\n\n<div style=\"height:108px\" aria-hidden=\"true\" class=\"wp-block-spacer\"><\/div>\n\n\n\n<p><strong>Bookings &amp; Collaborations:<\/strong><\/p>\n\n\n\n<p><br>Ha irod\u00e1t vagy alkot\u00f3teret b\u00e9reln\u00e9l, illetve alkalmi b\u00e9rl\u00e9s (rendezv\u00e9ny, workshop, forgat\u00e1s) ir\u00e1nt \u00e9rdekl\u0151dsz, k\u00e9rj\u00fck, vedd fel vel\u00fcnk a kapcsolatot e-mailben vagy telefonon:<br><\/p>\n\n\n\n<div style=\"height:35px\" aria-hidden=\"true\" class=\"wp-block-spacer\"><\/div>\n\n\n\n<p>\ud83d\udce9 Email: berles@nyolcesfel.hu<br>\ud83d\udcde Phone: +36 20 508 1018<\/p>\n\n\n\n<div style=\"height:57px\" aria-hidden=\"true\" class=\"wp-block-spacer\"><\/div>\n\n\n\n<p>A Teufel \u00e9s az 5,5 Sport Club k\u00fcl\u00f6n m\u0171k\u00f6d\u0151 egys\u00e9gek az \u00e9p\u00fcletben, el\u00e9rhet\u0151s\u00e9geikkel kapcsolatban k\u00e9rj\u00fck, k\u00f6zvetlen\u00fcl vel\u00fck vedd fel a kapcsolatot.<\/p>\n\n\n\n<p><strong>Teufel:<\/strong><br>E-mail: <a>teufelkert@gmail.com<\/a><br>Instagram: <a href=\"https:\/\/www.instagram.com\/teufelkert\/\" data-type=\"link\" data-id=\"https:\/\/www.instagram.com\/teufelkert\/\">@teufelkert<\/a><br>Telefon (asztalfoglal\u00e1s): <a href=\"tel:36302991179\">+36 30 299 1179<\/a><\/p>\n\n\n\n<p><strong>5,5 Sport Club:<\/strong><br>E-mail: <a href=\"mailto:sportclub5esfel@gmail.com\">sportclub5esfel@gmail.com<\/a><br>Instagram: <a href=\"https:\/\/www.instagram.com\/sportclub5esfel\/\" data-type=\"link\" data-id=\"https:\/\/www.instagram.com\/sportclub5esfel\/\">@sportclub5esfel<\/a><br>Telefon (asztalfoglal\u00e1s): <a href=\"tel:+36703421721\">+36 70 342 1721<\/a><\/p>\n\n\n\n<div style=\"height:57px\" aria-hidden=\"true\" class=\"wp-block-spacer\"><\/div>\n\n\n\n<p>\ud83d\udccd Address: <a href=\"https:\/\/maps.app.goo.gl\/8DjdRzmvhuAztG5y8\">Budapest, N\u00e9met u. 16, 1084<\/a><\/p>\n\n\n\n<div class=\"wp-block-group\"><div class=\"wp-block-group__inner-container is-layout-constrained wp-block-group-is-layout-constrained\">\n<div class=\"wp-block-group is-nowrap is-layout-flex wp-container-core-group-is-layout-1 wp-block-group-is-layout-flex\">\n<iframe src=\"https:\/\/www.google.com\/maps\/embed?pb=!1m18!1m12!1m3!1d2695.956921296232!2d19.0714018762234!3d47.49075257117939!2m3!1f0!2f0!3f0!3m2!1i1024!2i768!4f13.1!3m3!1m2!1s0x4741dc5f458ac46d%3A0x696b5e3303a23ea9!2sBudapest%2C%20N%C3%A9met%20u.%2016%2C%201084!5e0!3m2!1shu!2shu!4v1738681211900!5m2!1shu!2shu\" width=\"600\" height=\"450\" style=\"border:0;\" allowfullscreen=\"\" loading=\"lazy\" referrerpolicy=\"no-referrer-when-downgrade\"><\/iframe>\n<\/div>\n<\/div><\/div>\n\n\n\n<div style=\"height:112px\" aria-hidden=\"true\" class=\"wp-block-spacer\"><\/div>\n\n\n\n<p><strong>Operating Office Hours:<\/strong><\/p>\n\n\n\n<p>Monday to Friday: 9:00 AM \u2013 5:00 PM<\/p>\n\n\n\n<p>Weekend: Closed<\/p>\n\n\n\n<p>The building is open 24\/7 for tenants.<\/p>\n\n\n\n<div class=\"wp-block-columns is-layout-flex wp-container-core-columns-is-layout-1 wp-block-columns-is-layout-flex\">\n<div class=\"wp-block-column is-layout-flow wp-block-column-is-layout-flow\"><\/div>\n<\/div>\n\n\n\n<p>Nyolc\u00e9sf\u00e9l is part of the <a href=\"https:\/\/www.triholding.com\/\" data-type=\"link\" data-id=\"https:\/\/www.triholding.com\/\">Triholding Group.<\/a>'<\/p>","protected":false},"excerpt":{"rendered":"<p>Nyolc\u00e9sf\u00e9l \u2013 A m\u0171v\u00e9szek tere A Nyolc\u00e9sf\u00e9l egyed\u00fcl\u00e1ll\u00f3 kreat\u00edv t\u00e9r, ahol m\u0171v\u00e9szek, alkot\u00f3k \u00e9s st\u00fadi\u00f3k tal\u00e1lj\u00e1k meg az inspir\u00e1l\u00f3 munkak\u00f6rnyezet\u00fcket. Foglal\u00e1s \u00e9s egy\u00fcttm\u0171k\u00f6d\u00e9s: Ha irod\u00e1t vagy alkot\u00f3teret b\u00e9reln\u00e9l, illetve alkalmi b\u00e9rl\u00e9s (rendezv\u00e9ny, workshop, forgat\u00e1s) ir\u00e1nt \u00e9rdekl\u0151dsz, k\u00e9rj\u00fck, vedd fel vel\u00fcnk a kapcsolatot e-mailben vagy telefonon: \ud83d\udce9 Email: berles@nyolcesfel.hu\ud83d\udcde Telefon: +36 20 508 1018 A Teufel [&hellip;]<\/p>","protected":false},"author":3,"featured_media":0,"parent":0,"menu_order":0,"comment_status":"closed","ping_status":"closed","template":"","meta":{"_acf_changed":false,"footnotes":""},"class_list":["post-45","page","type-page","status-publish","hentry"],"acf":[],"_links":{"self":[{"href":"https:\/\/nyolcesfel.hu\/en\/wp-json\/wp\/v2\/pages\/45","targetHints":{"allow":["GET"]}}],"collection":[{"href":"https:\/\/nyolcesfel.hu\/en\/wp-json\/wp\/v2\/pages"}],"about":[{"href":"https:\/\/nyolcesfel.hu\/en\/wp-json\/wp\/v2\/types\/page"}],"author":[{"embeddable":true,"href":"https:\/\/nyolcesfel.hu\/en\/wp-json\/wp\/v2\/users\/3"}],"replies":[{"embeddable":true,"href":"https:\/\/nyolcesfel.hu\/en\/wp-json\/wp\/v2\/comments?post=45"}],"version-history":[{"count":45,"href":"https:\/\/nyolcesfel.hu\/en\/wp-json\/wp\/v2\/pages\/45\/revisions"}],"predecessor-version":[{"id":1298,"href":"https:\/\/nyolcesfel.hu\/en\/wp-json\/wp\/v2\/pages\/45\/revisions\/1298"}],"wp:attachment":[{"href":"https:\/\/nyolcesfel.hu\/en\/wp-json\/wp\/v2\/media?parent=45"}],"curies":[{"name":"wp","href":"https:\/\/api.w.org\/{rel}","templated":true}]}}