{"id":687,"date":"2024-01-11T10:43:51","date_gmt":"2024-01-11T10:43:51","guid":{"rendered":"https:\/\/nyolcesfel.hu\/?page_id=687"},"modified":"2025-11-07T09:20:25","modified_gmt":"2025-11-07T09:20:25","slug":"adatkezelesi-tajekoztato","status":"publish","type":"page","link":"https:\/\/nyolcesfel.hu\/en\/adatkezelesi-tajekoztato\/","title":{"rendered":"Privacy policy"},"content":{"rendered":"<p>A Bronzefieldt Kft. (sz\u00e9khely: 1061 Budapest, Kir\u00e1ly utca 26. 2. em. c\u00e9gjegyz\u00e9ksz\u00e1m: 01-09-177628) t\u00e1j\u00e9koztatja a nyolcesfel.hu oldal l\u00e1togat\u00f3it az \u00e1ltala kezelt szem\u00e9lyes adatokr\u00f3l, a szem\u00e9lyes adatok kezel\u00e9s\u00e9vel kapcsolatos gyakorlat\u00e1r\u00f3l, a szem\u00e9lyes adatok v\u00e9delme \u00e9rdek\u00e9ben tett int\u00e9zked\u00e9seir\u0151l, valamint az \u00e9rintettek jogair\u00f3l. Adatkezel\u00e9si t\u00e1j\u00e9koztat\u00e1sunk az inform\u00e1ci\u00f3s \u00f6nrendelkez\u00e9si jogr\u00f3l \u00e9s az inform\u00e1ci\u00f3szabads\u00e1gr\u00f3l sz\u00f3l\u00f3 2011. \u00e9vi CXII. t\u00f6rv\u00e9nyen (a tov\u00e1bbiakban: Info tv.) alapszik \u00e9s a jelen adatkezel\u00e9si t\u00e1j\u00e9koztat\u00f3val a Bronzefield Kft. eleget tesz az Info tv. 20. \u00a7 \u00e1ltal el\u0151\u00edrt, szem\u00e9lyes adatkezel\u00e9shez kapcsol\u00f3d\u00f3, el\u0151zetes t\u00e1j\u00e9koztat\u00e1si k\u00f6telezetts\u00e9g\u00e9nek.<\/p>\n\n\n\n<p><strong>Who manages my data, who is entitled to manage data and what is the address of the website of the controller?<\/strong><\/p>\n\n\n\n<p>Az adatkezel\u0151 (adatkezel\u00e9sre jogosult) \u00e9s a honlap tulajdonosa egyar\u00e1nt a Bronzefield Kft. (sz\u00e9khely: 1061 Budapest, Kir\u00e1ly utca 26. 2. em. c\u00e9gjegyz\u00e9ksz\u00e1m: 01-09-177628, e-mail c\u00edm: info@triholding.hu, az adatkezel\u0151 honlapj\u00e1nak c\u00edme: www.triholding.hu , adatkezel\u00e9si nyilv\u00e1ntart\u00e1si sz\u00e1ma: NAIH-121659\/2017.)<\/p>\n\n\n\n<p><strong>Which of my data are processed?<\/strong><\/p>\n\n\n\n<ul class=\"wp-block-list\">\n<li>surname, first name<\/li>\n\n\n\n<li>e-mail address<\/li>\n\n\n\n<li>phone number<\/li>\n\n\n\n<li>cookie* (stored automatically when the website is visited)<\/li>\n<\/ul>\n\n\n\n<p>*(The maronehouse.com website operates an anonymous visitor ID (cookie). This is a unique\nstring suitable for identification and the storage of profile information that service providers place\non the computers of visitors. Having regard to the fact that the entire IP address is not stored\nduring use, this string alone is by no means able to identify the client \u2013 that is, the visitor \u2013 ; it can\nonly recognise the visitor's computer).<\/p>\n\n\n\n<p>By registration and sending your request for proposal, you consent to the use of your data\nmentioned above for the purposes identified in this privacy policy.<\/p>\n\n\n\n<p><strong>What are the objectives of data management?<\/strong><\/p>\n\n\n\n<p>We will use your data primarily to enable that properties available on the website are to be purchased and customers expressing interest in using related services are contacted smoothly,\nand also to send you newsletters with special tailor-made proposals. We will use your data only to the extent necessary to reach these objectives. Furthermore, we use summarised and sanitized data to prepare statistics and statements. The controller ensures the security and the protection of data, including but not limited to preventing them from unauthorised access, alteration, transmission, disclosure, deletion, destruction, accidental destruction and damage, and from becoming inaccessible. In no case will we disclose data you provided to any third party.<\/p>\n\n\n\n<p><strong>What is the legal basis for data management?<\/strong><\/p>\n\n\n\n<p>The voluntary consent (Section 5 (1) of the Privacy Act) you grant us by finalising the registration and\/or by sending the request for proposal.<\/p>\n\n\n\n<p><strong>How long are my data going to be managed?<\/strong><\/p>\n\n\n\n<p>Data management starts with your registration or by sending your request for proposal and encompasses a period of not more than 5 years. Obviously, you may unsubscribe from our newsletter at any time or request your data to be deleted from our database.<\/p>\n\n\n\n<p><strong>Who operates the website?<\/strong><\/p>\n\n\n\n<p>A honlap \u00fczemeltet\u0151je a Bronzefield Kft.<\/p>\n\n\n\n<p><strong>Who are entitled to get to know the data?<\/strong><\/p>\n\n\n\n<p>The controller and the controller\u2019s employees are entitled to get to know such data.<\/p>\n\n\n\n<p><strong>Which of my rights may I exercise with regard to data management?<\/strong><\/p>\n\n\n\n<p>\u00d6n b\u00e1rmikor betekinthet a Bronzefield Kft. \u00e1ltal kezelt \u00d6nre vonatkoz\u00f3 szem\u00e9lyes adatokba, azok m\u00f3dos\u00edt\u00e1s\u00e1t \u00e9s t\u00f6rl\u00e9s\u00e9t szint\u00e9n b\u00e1rmikor k\u00e9rheti.<\/p>\n\n\n\n<p><strong>Who can I contact in case of a complaint?<\/strong><\/p>\n\n\n\n<p>In case of a grievance regarding the management of your data, you may apply to the National Authority for Data Protection and Freedom of Information or bring an action before the general court having jurisdiction as per your domicile (place of residence).<\/p>\n\n\n\n<p>Name: National Authority for Data Protection and Freedom of Information<br>Registered office: H-1125 Budapest, Szil\u00e1gyi Erzs\u00e9bet fasor 22\/C.<br>Website: www.naih.hu<br>Phone: +36 (1) 391-1400<br>E-mail address: ugyfelszolgalat@naih.hu<\/p>","protected":false},"excerpt":{"rendered":"<p>A Bronzefieldt Kft. (sz\u00e9khely: 1061 Budapest, Kir\u00e1ly utca 26. 2. em. c\u00e9gjegyz\u00e9ksz\u00e1m: 01-09-177628) t\u00e1j\u00e9koztatja a nyolcesfel.hu oldal l\u00e1togat\u00f3it az \u00e1ltala kezelt szem\u00e9lyes adatokr\u00f3l, a szem\u00e9lyes adatok kezel\u00e9s\u00e9vel kapcsolatos gyakorlat\u00e1r\u00f3l, a szem\u00e9lyes adatok v\u00e9delme \u00e9rdek\u00e9ben tett int\u00e9zked\u00e9seir\u0151l, valamint az \u00e9rintettek jogair\u00f3l. Adatkezel\u00e9si t\u00e1j\u00e9koztat\u00e1sunk az inform\u00e1ci\u00f3s \u00f6nrendelkez\u00e9si jogr\u00f3l \u00e9s az inform\u00e1ci\u00f3szabads\u00e1gr\u00f3l sz\u00f3l\u00f3 2011. \u00e9vi CXII. t\u00f6rv\u00e9nyen (a [&hellip;]<\/p>","protected":false},"author":3,"featured_media":0,"parent":0,"menu_order":0,"comment_status":"closed","ping_status":"closed","template":"","meta":{"_acf_changed":false,"footnotes":""},"class_list":["post-687","page","type-page","status-publish","hentry"],"acf":[],"_links":{"self":[{"href":"https:\/\/nyolcesfel.hu\/en\/wp-json\/wp\/v2\/pages\/687","targetHints":{"allow":["GET"]}}],"collection":[{"href":"https:\/\/nyolcesfel.hu\/en\/wp-json\/wp\/v2\/pages"}],"about":[{"href":"https:\/\/nyolcesfel.hu\/en\/wp-json\/wp\/v2\/types\/page"}],"author":[{"embeddable":true,"href":"https:\/\/nyolcesfel.hu\/en\/wp-json\/wp\/v2\/users\/3"}],"replies":[{"embeddable":true,"href":"https:\/\/nyolcesfel.hu\/en\/wp-json\/wp\/v2\/comments?post=687"}],"version-history":[{"count":11,"href":"https:\/\/nyolcesfel.hu\/en\/wp-json\/wp\/v2\/pages\/687\/revisions"}],"predecessor-version":[{"id":1263,"href":"https:\/\/nyolcesfel.hu\/en\/wp-json\/wp\/v2\/pages\/687\/revisions\/1263"}],"wp:attachment":[{"href":"https:\/\/nyolcesfel.hu\/en\/wp-json\/wp\/v2\/media?parent=687"}],"curies":[{"name":"wp","href":"https:\/\/api.w.org\/{rel}","templated":true}]}}