{"id":90,"date":"2023-12-12T17:55:12","date_gmt":"2023-12-12T17:55:12","guid":{"rendered":"https:\/\/nyolcesfel.hu\/?page_id=90"},"modified":"2025-06-27T12:31:56","modified_gmt":"2025-06-27T12:31:56","slug":"kiado-tereink","status":"publish","type":"page","link":"https:\/\/nyolcesfel.hu\/en\/kiado-tereink\/","title":{"rendered":"Spaces for rent"},"content":{"rendered":"<h1 class=\"wp-block-heading\">Long-term rental<\/h1>\n\n\n\n<p>If you are looking for a workshop, studio, rehearsal room, studio, creative space in the city centre, or if you are looking for an office or small warehouse, then you are welcome at Nyolc\u00e9sf\u00e9l!<\/p>\n\n\n\n<p>We offer spaces for rent from 10 m\u00b2 to 600 m\u00b2.<\/p>\n\n\n\n<h1 class=\"wp-block-heading\">Short-term rental<\/h1>\n\n\n\n<p>We are a regular location for film shoots, video shoots and photo shoots, and thanks to the unique design and atmosphere of the building complex and its eclectic spaces, we can accommodate almost any concept.<\/p>\n\n\n\n<p>We are also happy to provide venues for exhibitions, workshops, performances and other cultural events, after prior and detailed discussion of the concept.&nbsp;<\/p>\n\n\n\n<div style=\"height:55px\" aria-hidden=\"true\" class=\"wp-block-spacer\"><\/div>\n\n\n\n<h2 class=\"wp-block-heading\">Why Rent a Space with Us?<\/h2>\n\n\n\n<p>\u2705 <strong>24\/7 Reception Service<\/strong> \u2013 Secure and convenient access day and night.<br>\u2705 <strong>Guest Parking<\/strong> \u2013 Two hours of free parking with long-term rental options available.<br>\u2705 <strong>Spacious, Versatile Spaces<\/strong> \u2013 Ideal for studios, set designs, or interior scene filming.<br>\u2705 <strong>Freight Elevator &amp; Ramp<\/strong> \u2013 Easier transportation of sets and equipment.<br>\u2705 <strong>Industrial Power Supply<\/strong> \u2013 Sufficient capacity for high-energy-demand equipment.<br>\u2705 <strong>Friendly Environment<\/strong> \u2013 Flexible rental options to suit all needs.<\/p>\n\n\n\n<div style=\"height:55px\" aria-hidden=\"true\" class=\"wp-block-spacer\"><\/div>\n\n\n\n<h2 class=\"wp-block-heading\">Rental Pricing:<\/h2>\n\n\n\n<p>The rental fee for our available spaces depends on the size of the area:<\/p>\n\n\n\n<ul class=\"wp-block-list\">\n<li><strong>Spaces under 99 m\u00b2<\/strong>: <strong>10 \u20ac \/ m\u00b2<\/strong> <strong>+ VAT<\/strong><\/li>\n\n\n\n<li><strong>Spaces over 100 m\u00b2<\/strong>: <strong>8 \u20ac \/ m\u00b2<\/strong> <strong>+ VAT<\/strong><\/li>\n<\/ul>\n\n\n\n<p>Rakt\u00e1rhelyis\u00e9gek b\u00e9rleti d\u00edja:<\/p>\n\n\n\n<ul class=\"wp-block-list\">\n<li><strong>10 m\u00b2 alatti helyis\u00e9gek<\/strong>: <strong>6 \u20ac \/ m\u00b2<\/strong> <strong>+ VAT<\/strong><\/li>\n\n\n\n<li><strong>10 m\u00b2 feletti helyis\u00e9gek<\/strong>: <strong>4 \u20ac \/ m\u00b2<\/strong> <strong>+ VAT<\/strong><\/li>\n<\/ul>\n\n\n\n<p>Applies to all rental spaces: <strong>15% common area multiplier<\/strong> '<\/p>\n\n\n\n<p>Additionally, a service fee of <strong>\u20ac3.5 \/ m\u00b2 + VAT applies uniformly to all rental units,<\/strong>covering common area maintenance, upkeep, and operational costs.<\/p>\n\n\n\n<div style=\"height:55px\" aria-hidden=\"true\" class=\"wp-block-spacer\"><\/div>\n\n\n\n<p>A LOB \u00e9p\u00fclet, zenekaroknak, hangos tev\u00e9kenys\u00e9get v\u00e9gz\u0151 b\u00e9rl\u0151knek NEM alkalmas.<\/p>\n\n\n\n<div style=\"height:55px\" aria-hidden=\"true\" class=\"wp-block-spacer\"><\/div>","protected":false},"excerpt":{"rendered":"<p>Hossz\u00fa t\u00e1v\u00fa b\u00e9rl\u00e9s Ha m\u0171helyt, m\u0171termet, pr\u00f3batermet, st\u00fadi\u00f3t, alkot\u00f3teret keresel a belv\u00e1rosban, vagy esetleg irod\u00e1t vagy kisebb rakt\u00e1rt b\u00e9reln\u00e9l, akkor v\u00e1r a Nyolc\u00e9sf\u00e9l! 10 m\u00b2-t\u0151l 600 m\u00b2-ig k\u00edn\u00e1lunk kiad\u00e1sra tereket. R\u00f6vid t\u00e1v\u00fa b\u00e9rl\u00e9s Rendszeres helysz\u00edne vagyunk filmforgat\u00e1soknak, klipforgat\u00e1soknak \u00e9s fot\u00f3z\u00e1soknak, az \u00e9p\u00fcletegy\u00fcttes k\u00fcl\u00f6nleges kialak\u00edt\u00e1s\u00e1nak \u00e9s hangulat\u00e1nak, eklektikus tereinek k\u00f6sz\u00f6nhet\u0151en szinte b\u00e1rmilyen koncepci\u00f3 megval\u00f3s\u00edt\u00e1s\u00e1ra alkalmas ter\u00fcletet [&hellip;]<\/p>","protected":false},"author":3,"featured_media":0,"parent":0,"menu_order":0,"comment_status":"closed","ping_status":"closed","template":"spaces-for-rent.php","meta":{"_acf_changed":false,"footnotes":""},"class_list":["post-90","page","type-page","status-publish","hentry"],"acf":[],"_links":{"self":[{"href":"https:\/\/nyolcesfel.hu\/en\/wp-json\/wp\/v2\/pages\/90","targetHints":{"allow":["GET"]}}],"collection":[{"href":"https:\/\/nyolcesfel.hu\/en\/wp-json\/wp\/v2\/pages"}],"about":[{"href":"https:\/\/nyolcesfel.hu\/en\/wp-json\/wp\/v2\/types\/page"}],"author":[{"embeddable":true,"href":"https:\/\/nyolcesfel.hu\/en\/wp-json\/wp\/v2\/users\/3"}],"replies":[{"embeddable":true,"href":"https:\/\/nyolcesfel.hu\/en\/wp-json\/wp\/v2\/comments?post=90"}],"version-history":[{"count":15,"href":"https:\/\/nyolcesfel.hu\/en\/wp-json\/wp\/v2\/pages\/90\/revisions"}],"predecessor-version":[{"id":1162,"href":"https:\/\/nyolcesfel.hu\/en\/wp-json\/wp\/v2\/pages\/90\/revisions\/1162"}],"wp:attachment":[{"href":"https:\/\/nyolcesfel.hu\/en\/wp-json\/wp\/v2\/media?parent=90"}],"curies":[{"name":"wp","href":"https:\/\/api.w.org\/{rel}","templated":true}]}}